{"id":154,"date":"2017-01-31T16:16:33","date_gmt":"2017-01-31T15:16:33","guid":{"rendered":"https:\/\/www.circaed-heresis.com\/?page_id=154"},"modified":"2024-09-14T09:48:31","modified_gmt":"2024-09-14T07:48:31","slug":"indices","status":"publish","type":"page","link":"https:\/\/circaed-heresis.com\/?page_id=154","title":{"rendered":"Revue Heresis &#8211; Anciens num\u00e9ros"},"content":{"rendered":"<div class=\"wp-block-image is-resized\">\n<figure class=\"aligncenter size-large\"><img loading=\"lazy\" decoding=\"async\" width=\"1024\" height=\"407\" src=\"https:\/\/circaed-heresis.com\/wp-content\/uploads\/2020\/05\/Revues-Heresis-1024x407.jpg\" alt=\"\" class=\"wp-image-1410\" style=\"width:727px;height:auto\" srcset=\"https:\/\/circaed-heresis.com\/wp-content\/uploads\/2020\/05\/Revues-Heresis-1024x407.jpg 1024w, https:\/\/circaed-heresis.com\/wp-content\/uploads\/2020\/05\/Revues-Heresis-300x119.jpg 300w, https:\/\/circaed-heresis.com\/wp-content\/uploads\/2020\/05\/Revues-Heresis-768x306.jpg 768w, https:\/\/circaed-heresis.com\/wp-content\/uploads\/2020\/05\/Revues-Heresis-1536x611.jpg 1536w, https:\/\/circaed-heresis.com\/wp-content\/uploads\/2020\/05\/Revues-Heresis.jpg 1543w\" sizes=\"auto, (max-width: 1024px) 100vw, 1024px\" \/><\/figure>\n<\/div>\n\n\n<p class=\"has-text-align-center has-white-color has-text-color has-link-color wp-elements-73c390ad10f8f92fd727db1859c131a3\">.<\/p>\n\n\n\n<h4 class=\"wp-block-heading has-text-align-center\"><strong>La revue Heresis est disponible sur le portail Pers\u00e9e :<\/strong><\/h4>\n\n\n\n<p class=\"has-white-color has-text-color has-link-color wp-elements-7e4ac651328708ea719ac0894fa30934\">.<\/p>\n\n\n\n<p><strong>Les anciens num\u00e9ros de la revue Heresis sont disponibles sur le portail Pers\u00e9e : <a href=\"https:\/\/www.persee.fr\/collection\/heres\" target=\"_blank\" rel=\"noopener\" title=\"\">https:\/\/www.persee.fr\/collection\/heres<\/a><\/strong><\/p>\n\n\n\n<p class=\"has-text-align-center has-white-color has-text-color has-link-color wp-elements-73c390ad10f8f92fd727db1859c131a3\">.<\/p>\n\n\n<div class=\"wp-block-image\">\n<figure class=\"aligncenter size-full is-resized\"><a href=\"https:\/\/www.persee.fr\/collection\/heres\" target=\"_blank\" rel=\"noreferrer noopener\"><img loading=\"lazy\" decoding=\"async\" width=\"954\" height=\"582\" src=\"http:\/\/circaed-heresis.com\/wp-content\/uploads\/2024\/06\/Heresis-Persee.jpg\" alt=\"\" class=\"wp-image-3970\" style=\"width:697px;height:auto\" srcset=\"https:\/\/circaed-heresis.com\/wp-content\/uploads\/2024\/06\/Heresis-Persee.jpg 954w, https:\/\/circaed-heresis.com\/wp-content\/uploads\/2024\/06\/Heresis-Persee-300x183.jpg 300w, https:\/\/circaed-heresis.com\/wp-content\/uploads\/2024\/06\/Heresis-Persee-768x469.jpg 768w\" sizes=\"auto, (max-width: 954px) 100vw, 954px\" \/><\/a><\/figure>\n<\/div>\n\n\n<p class=\"has-text-align-center\"><a href=\"https:\/\/www.persee.fr\/collection\/heres\" target=\"_blank\" rel=\"noopener\" title=\"\"><strong>Vue d&rsquo;exemple du portail Pers\u00e9e &#8211; Revue Heresis<\/strong><\/a><\/p>\n\n\n\n<p class=\"has-white-color has-text-color has-link-color wp-elements-7e4ac651328708ea719ac0894fa30934\">.<\/p>\n\n\n\n<hr class=\"wp-block-separator has-alpha-channel-opacity\"\/>\n\n\n<p><span style=\"color: #ffff99;\">.<\/span><\/p>\n<p><strong>Tables de la revue <em>Heresis<\/em> de 1983 \u00e0 2007 (n\u00b0 1 \u00e0 46-47) :<\/strong> <strong><em><span style=\"color: #0000ff;\"><a style=\"color: #0000ff;\" href=\"https:\/\/www.circaed-heresis.com\/wp-content\/uploads\/2017\/01\/Table-anciens-Heresis-Auteurs.pdf\" target=\"_blank\" rel=\"noopener noreferrer\">Tables des num\u00e9ros de la revue Heresis de 1983 \u00e0 2007 &#8211; Auteurs<\/a><\/span><\/em><\/strong><\/p>\n<p><strong>Tables de la <em>Collection Heresis<\/em>\u00a0de 1992 \u00e0 2001 :<\/strong> <strong><em><span style=\"color: #0000ff;\"><a style=\"color: #0000ff;\" href=\"https:\/\/www.circaed-heresis.com\/wp-content\/uploads\/2017\/02\/Table-anciens-Collection-Heresis-Auteurs.pdf\" target=\"_blank\" rel=\"noopener noreferrer\">Tables de la Collection Heresis de 1992 \u00e0 2001 &#8211; Auteurs<\/a><\/span><\/em><\/strong><\/p>\n\n\n<p class=\"has-white-color has-text-color has-link-color wp-elements-7e4ac651328708ea719ac0894fa30934\">.<\/p>\n\n\n\n<p><\/p>\n","protected":false},"excerpt":{"rendered":"<p>. La revue Heresis est disponible sur le portail Pers\u00e9e : . Les anciens num\u00e9ros de la revue Heresis sont disponibles sur le portail Pers\u00e9e : https:\/\/www.persee.fr\/collection\/heres . Vue d&rsquo;exemple du portail Pers\u00e9e &#8211; Revue Heresis . . Tables de la revue Heresis de 1983 \u00e0 2007 (n\u00b0 1 \u00e0 46-47) : Tables des num\u00e9ros&hellip;<\/p>\n","protected":false},"author":1,"featured_media":0,"parent":1292,"menu_order":3,"comment_status":"closed","ping_status":"closed","template":"","meta":{"footnotes":""},"class_list":["post-154","page","type-page","status-publish","hentry","description-off"],"aioseo_notices":[],"_links":{"self":[{"href":"https:\/\/circaed-heresis.com\/index.php?rest_route=\/wp\/v2\/pages\/154","targetHints":{"allow":["GET"]}}],"collection":[{"href":"https:\/\/circaed-heresis.com\/index.php?rest_route=\/wp\/v2\/pages"}],"about":[{"href":"https:\/\/circaed-heresis.com\/index.php?rest_route=\/wp\/v2\/types\/page"}],"author":[{"embeddable":true,"href":"https:\/\/circaed-heresis.com\/index.php?rest_route=\/wp\/v2\/users\/1"}],"replies":[{"embeddable":true,"href":"https:\/\/circaed-heresis.com\/index.php?rest_route=%2Fwp%2Fv2%2Fcomments&post=154"}],"version-history":[{"count":37,"href":"https:\/\/circaed-heresis.com\/index.php?rest_route=\/wp\/v2\/pages\/154\/revisions"}],"predecessor-version":[{"id":4045,"href":"https:\/\/circaed-heresis.com\/index.php?rest_route=\/wp\/v2\/pages\/154\/revisions\/4045"}],"up":[{"embeddable":true,"href":"https:\/\/circaed-heresis.com\/index.php?rest_route=\/wp\/v2\/pages\/1292"}],"wp:attachment":[{"href":"https:\/\/circaed-heresis.com\/index.php?rest_route=%2Fwp%2Fv2%2Fmedia&parent=154"}],"curies":[{"name":"wp","href":"https:\/\/api.w.org\/{rel}","templated":true}]}}