{"id":1314,"date":"2020-02-14T02:08:06","date_gmt":"2020-02-14T01:08:06","guid":{"rendered":"http:\/\/circaed-heresis.com\/?page_id=1314"},"modified":"2025-06-21T17:28:17","modified_gmt":"2025-06-21T15:28:17","slug":"mentions-legales","status":"publish","type":"page","link":"https:\/\/circaed-heresis.com\/?page_id=1314","title":{"rendered":"Mentions l\u00e9gales"},"content":{"rendered":"\n<h4 class=\"wp-block-heading\" id=\"mentions-legales-a-c-06-02-2018\">Mentions l\u00e9gales&nbsp;(A. C. 06 02 2018).<\/h4>\n\n\n\n<p>Vous \u00eates sur le site\/blog Internet de l\u2019association CIRCAED (Collectif International de Recherche sur le CAtharisme Et les Dissidences) association cr\u00e9\u00e9e le 5 d\u00e9cembre 2011 et enregistr\u00e9e en Pr\u00e9fecture de Haute Garonne sous le n\u00b0 W 313 016 942, JO du 17 d\u00e9cembre 2011 p. 5601 n\u00b0 460.<\/p>\n\n\n\n<p>L&rsquo;association CIRCAED a son si\u00e8ge \u00e0 la Biblioth\u00e8que d\u2019Etudes M\u00e9ridionales, 56 rue du Taur, 31000 Toulouse.<\/p>\n\n\n\n<p>Identifiant SIREN 815 168 646 et Identifiant SIRET 815 168 646 00017.<\/p>\n\n\n\n<p>Adresser la correspondance \u00e0: Association CIRCAED, 40 av. W. Churchill, 31340 Villemur sur Tarn.<\/p>\n\n\n\n<p>La correspondance \u00e9lectronique est \u00e0 adresser \u00e0 <a href=\"mailto:circaed@gmail.com\">circaed@gmail.com<\/a>.<\/p>\n\n\n\n<p>T\u00e9l\u00e9phone: 05 61 09 23 96.<\/p>\n\n\n\n<p class=\"has-white-color has-text-color\">.<\/p>\n\n\n\n<p>Ce site\/blog Internet est g\u00e9r\u00e9 par le Bureau et les membres de l\u2019Association CIRCAED.<\/p>\n\n\n\n<p>R\u00e9alis\u00e9 par des&nbsp;particuliers&nbsp;b\u00e9n\u00e9voles, ce site et\/ou blog Internet et ses sous-pages&nbsp;utilisent la technologie d&rsquo;h\u00e9bergement des donn\u00e9es informatiques&nbsp;propos\u00e9e par la soci\u00e9t\u00e9 OVH.<\/p>\n\n\n\n<p>Conform\u00e9ment \u00e0 l\u2019article 6 de la loi n\u00b02004-575 du 21 juin 2004 pour la confiance dans l\u2019\u00e9conomie num\u00e9rique (LCEN) :<\/p>\n\n\n\n<p>Coordonn\u00e9es de l&rsquo;h\u00e9bergeur Internet : les services d&rsquo;h\u00e9bergement des donn\u00e9es informatiques de ce site\/blog sont fournis par la soci\u00e9t\u00e9 OVH,<\/p>\n\n\n\n<p class=\"has-text-align-left\">OVH, 2 rue Kellermann &#8211; BP 80157 &#8211; 59053 ROUBAIX Cedex 1, t\u00e9l\u00e9phone hotline +33 972 10 10 07.<\/p>\n\n\n\n<p class=\"has-white-color has-text-color\">.<\/p>\n\n\n\n<p class=\"has-text-align-left\">Tous droits r\u00e9serv\u00e9s &#8211; \u00aeHeresis \u00a9Circaed 2017-2025.<\/p>\n","protected":false},"excerpt":{"rendered":"<p>Mentions l\u00e9gales&nbsp;(A. C. 06 02 2018). Vous \u00eates sur le site\/blog Internet de l\u2019association CIRCAED (Collectif International de Recherche sur le CAtharisme Et les Dissidences) association cr\u00e9\u00e9e le 5 d\u00e9cembre 2011 et enregistr\u00e9e en Pr\u00e9fecture de Haute Garonne sous le n\u00b0 W 313 016 942, JO du 17 d\u00e9cembre 2011 p. 5601 n\u00b0 460. L&rsquo;association&hellip;<\/p>\n","protected":false},"author":1,"featured_media":0,"parent":1324,"menu_order":24,"comment_status":"closed","ping_status":"closed","template":"","meta":{"footnotes":""},"class_list":["post-1314","page","type-page","status-publish","hentry","description-off"],"aioseo_notices":[],"_links":{"self":[{"href":"https:\/\/circaed-heresis.com\/index.php?rest_route=\/wp\/v2\/pages\/1314","targetHints":{"allow":["GET"]}}],"collection":[{"href":"https:\/\/circaed-heresis.com\/index.php?rest_route=\/wp\/v2\/pages"}],"about":[{"href":"https:\/\/circaed-heresis.com\/index.php?rest_route=\/wp\/v2\/types\/page"}],"author":[{"embeddable":true,"href":"https:\/\/circaed-heresis.com\/index.php?rest_route=\/wp\/v2\/users\/1"}],"replies":[{"embeddable":true,"href":"https:\/\/circaed-heresis.com\/index.php?rest_route=%2Fwp%2Fv2%2Fcomments&post=1314"}],"version-history":[{"count":18,"href":"https:\/\/circaed-heresis.com\/index.php?rest_route=\/wp\/v2\/pages\/1314\/revisions"}],"predecessor-version":[{"id":4248,"href":"https:\/\/circaed-heresis.com\/index.php?rest_route=\/wp\/v2\/pages\/1314\/revisions\/4248"}],"up":[{"embeddable":true,"href":"https:\/\/circaed-heresis.com\/index.php?rest_route=\/wp\/v2\/pages\/1324"}],"wp:attachment":[{"href":"https:\/\/circaed-heresis.com\/index.php?rest_route=%2Fwp%2Fv2%2Fmedia&parent=1314"}],"curies":[{"name":"wp","href":"https:\/\/api.w.org\/{rel}","templated":true}]}}