{"id":1311,"date":"2020-02-14T02:05:06","date_gmt":"2020-02-14T01:05:06","guid":{"rendered":"http:\/\/circaed-heresis.com\/?page_id=1311"},"modified":"2021-01-08T00:45:55","modified_gmt":"2021-01-07T23:45:55","slug":"qui-sommes-nous","status":"publish","type":"page","link":"https:\/\/circaed-heresis.com\/?page_id=1311","title":{"rendered":"Qui sommes nous ?"},"content":{"rendered":"<p><span style=\"color: #333333;\">Association loi 1901, le Collectif International de Recherche sur le Catharisme et les Dissidences \u00e0 \u00e9t\u00e9 cr\u00e9e en janvier 2012.<\/span><\/p>\n<p><span style=\"color: #333333;\">Fond\u00e9 \u00e0 l\u2019initiative de sp\u00e9cialistes de la Dissidence m\u00e9di\u00e9vale et du Catharisme en particulier, le collectif CIRCAED rassemble des enseignants et des chercheurs internationaux mais aussi des \u00e9tudiants, doctorants et membres sympathisants int\u00e9ress\u00e9s par l\u2019\u00e9tude des Dissidences historiques et manifestant le d\u00e9sir de soutenir le collectif.<\/span><\/p>\n<p><span style=\"color: #333333;\">Les membres fondateurs du collectif partagent une volont\u00e9 p\u00e9dagogique et insistent sur l\u2019aspect citoyen et populaire de leur d\u00e9marche : la connaissance des m\u00e9canismes de la Dissidence peut aider \u00e0 \u00e9veiller les consciences, susciter un esprit critique et d\u2019ouverture.<\/span><\/p>\n<p><span style=\"color: #ffff99;\">.<\/span><\/p>\n<p><span style=\"color: #ffff99;\"><img loading=\"lazy\" decoding=\"async\" class=\"aligncenter wp-image-1552\" src=\"http:\/\/circaed-heresis.com\/wp-content\/uploads\/2020\/07\/Conf\u00e9rence-2018.jpg\" alt=\"\" width=\"500\" height=\"299\" srcset=\"https:\/\/circaed-heresis.com\/wp-content\/uploads\/2020\/07\/Conf\u00e9rence-2018.jpg 737w, https:\/\/circaed-heresis.com\/wp-content\/uploads\/2020\/07\/Conf\u00e9rence-2018-300x180.jpg 300w\" sizes=\"auto, (max-width: 500px) 100vw, 500px\" \/>.<\/span><\/p>\n\n\n<hr class=\"wp-block-separator has-text-color has-background has-accent-background-color has-accent-color is-style-wide\"\/>\n\n\n<p><span style=\"color: #ffff99;\">.<\/span><\/p>\n<p><span style=\"color: #333333;\"><strong>Nos perspectives:<\/strong><\/span><br><span style=\"color: #333333;\">\u00c9largir notre r\u00e9seau international de sp\u00e9cialistes afin de f\u00e9d\u00e9rer et de faire conna\u00eetre les initiatives \u00e9manant des diff\u00e9rents membres du CIRCAED (chercheurs, professeurs, \u00e9tudiants, sympathisants), portant sur la probl\u00e9matique de la Dissidence historique.<\/span><br><span style=\"color: #333333;\">Inviter tous ceux qui s\u2019int\u00e9ressent \u00e0 ce nouveau chantier d\u2019\u00e9tude \u00e0 devenir des futurs collaborateurs et \u00e0 joindre le collectif.<\/span><\/p>\n<p><span style=\"color: #333333;\"><strong>Nos activit\u00e9s:<\/strong>&nbsp;<\/span><br><span style=\"color: #333333;\">En qualit\u00e9 de sp\u00e9cialistes de la dissidence religieuse, nous pouvons intervenir dans diff\u00e9rents types de manifestation, en qualit\u00e9 d\u2019organisateurs et\/ou d\u2019intervenants: <\/span><br><span style=\"color: #333333;\">&#8211; Manifestations scientifiques et\/ou de divulgation : colloques, journ\u00e9es d\u2019\u00e9tudes, s\u00e9minaires, conf\u00e9rences, d\u00e9bats, tables rondes\u2026<\/span><br><span style=\"color: #333333;\">&#8211; Formation (guides conf\u00e9renciers, agents d\u2019accueil de monuments historiques, etc.)<\/span><br><span style=\"color: #333333;\">Mais aussi comme auteurs ou coordinateurs de travaux scientifiques ou de divulgation aupr\u00e8s des diff\u00e9rents m\u00e9dias :<\/span><br><span style=\"color: #333333;\">&#8211; R\u00e9daction et\/ou coordination d\u2019ouvrages et\/ou d\u2019articles scientifiques, mais aussi pour des revues et\/ou magazines de divulgation. <\/span><br><span style=\"color: #333333;\">&#8211; Conseil scientifique de programmes et\/ou documents TV, CD-Rom, Cin\u00e9ma\u2026<\/span><\/p>\n<p><span style=\"color: #333333;\"><strong>Notre volont\u00e9:<\/strong><\/span><br><span style=\"color: #333333;\">Les membres fondateurs du collectif partagent la m\u00eame volont\u00e9 p\u00e9dagogique et insistent sur l&rsquo;aspect citoyen et populaire de leur d\u00e9marche&nbsp;: la connaissance des m\u00e9canismes de la Dissidence peut aider \u00e0 \u00e9veiller les consciences, susciter l\u2019esprit critique et l&rsquo;ouverture \u00e0 l&rsquo;autre.<\/span><\/p>\n<p><span style=\"color: #ffff99;\">.<\/span><\/p>","protected":false},"excerpt":{"rendered":"<p>Association loi 1901, le Collectif International de Recherche sur le Catharisme et les Dissidences \u00e0 \u00e9t\u00e9 cr\u00e9e en janvier 2012. Fond\u00e9 \u00e0 l\u2019initiative de sp\u00e9cialistes de la Dissidence m\u00e9di\u00e9vale et du Catharisme en particulier, le collectif CIRCAED rassemble des enseignants et des chercheurs internationaux mais aussi des \u00e9tudiants, doctorants et membres sympathisants int\u00e9ress\u00e9s par l\u2019\u00e9tude&hellip;<\/p>\n","protected":false},"author":1,"featured_media":0,"parent":1302,"menu_order":1,"comment_status":"closed","ping_status":"closed","template":"","meta":{"footnotes":""},"class_list":["post-1311","page","type-page","status-publish","hentry","description-off"],"aioseo_notices":[],"_links":{"self":[{"href":"https:\/\/circaed-heresis.com\/index.php?rest_route=\/wp\/v2\/pages\/1311","targetHints":{"allow":["GET"]}}],"collection":[{"href":"https:\/\/circaed-heresis.com\/index.php?rest_route=\/wp\/v2\/pages"}],"about":[{"href":"https:\/\/circaed-heresis.com\/index.php?rest_route=\/wp\/v2\/types\/page"}],"author":[{"embeddable":true,"href":"https:\/\/circaed-heresis.com\/index.php?rest_route=\/wp\/v2\/users\/1"}],"replies":[{"embeddable":true,"href":"https:\/\/circaed-heresis.com\/index.php?rest_route=%2Fwp%2Fv2%2Fcomments&post=1311"}],"version-history":[{"count":56,"href":"https:\/\/circaed-heresis.com\/index.php?rest_route=\/wp\/v2\/pages\/1311\/revisions"}],"predecessor-version":[{"id":1804,"href":"https:\/\/circaed-heresis.com\/index.php?rest_route=\/wp\/v2\/pages\/1311\/revisions\/1804"}],"up":[{"embeddable":true,"href":"https:\/\/circaed-heresis.com\/index.php?rest_route=\/wp\/v2\/pages\/1302"}],"wp:attachment":[{"href":"https:\/\/circaed-heresis.com\/index.php?rest_route=%2Fwp%2Fv2%2Fmedia&parent=1311"}],"curies":[{"name":"wp","href":"https:\/\/api.w.org\/{rel}","templated":true}]}}