{"id":130,"date":"2017-01-16T19:30:07","date_gmt":"2017-01-16T18:30:07","guid":{"rendered":"https:\/\/www.circaed-heresis.com\/?page_id=130"},"modified":"2020-02-15T01:09:52","modified_gmt":"2020-02-15T00:09:52","slug":"etudes","status":"publish","type":"page","link":"https:\/\/circaed-heresis.com\/?page_id=130","title":{"rendered":"Etudes"},"content":{"rendered":"<p style=\"text-align: center;\"><span style=\"color: #800000;\">Ce sont des \u00e9tudes d\u00e9j\u00e0 publi\u00e9es que l&rsquo;on trouvera ici par courtoisie de l&rsquo;\u00e9diteur&#8230;<\/span><\/p>\n<p><strong>Anne Brenon<\/strong> et <strong>David Zbiral<\/strong> : &lt;&lt; Le <em>Codex<\/em> cathare occitan de Lyon : un livre de P\u00e8ire Autier ? &gt;&gt; dans <em>Archives ari\u00e9geoises<\/em>, n\u00b0 8, Foix, A.D. de l&rsquo;Ari\u00e8ge, 2016, p. 9-37 : <a href=\"https:\/\/www.circaed-heresis.com\/wp-content\/uploads\/2017\/01\/Brenon-Zbiral-Le-livre-de-Peire-Autier.pdf\">Brenon Zbiral &#8211; Le livre de Peire Autier<\/a><\/p>\n","protected":false},"excerpt":{"rendered":"<p>Ce sont des \u00e9tudes d\u00e9j\u00e0 publi\u00e9es que l&rsquo;on trouvera ici par courtoisie de l&rsquo;\u00e9diteur&#8230; Anne Brenon et David Zbiral : &lt;&lt; Le Codex cathare occitan de Lyon : un livre de P\u00e8ire Autier ? &gt;&gt; dans Archives ari\u00e9geoises, n\u00b0 8, Foix, A.D. de l&rsquo;Ari\u00e8ge, 2016, p. 9-37 : Brenon Zbiral &#8211; Le livre de Peire&hellip;<\/p>\n","protected":false},"author":1,"featured_media":0,"parent":84,"menu_order":25,"comment_status":"closed","ping_status":"closed","template":"","meta":{"footnotes":""},"class_list":["post-130","page","type-page","status-publish","hentry","description-off"],"aioseo_notices":[],"_links":{"self":[{"href":"https:\/\/circaed-heresis.com\/index.php?rest_route=\/wp\/v2\/pages\/130","targetHints":{"allow":["GET"]}}],"collection":[{"href":"https:\/\/circaed-heresis.com\/index.php?rest_route=\/wp\/v2\/pages"}],"about":[{"href":"https:\/\/circaed-heresis.com\/index.php?rest_route=\/wp\/v2\/types\/page"}],"author":[{"embeddable":true,"href":"https:\/\/circaed-heresis.com\/index.php?rest_route=\/wp\/v2\/users\/1"}],"replies":[{"embeddable":true,"href":"https:\/\/circaed-heresis.com\/index.php?rest_route=%2Fwp%2Fv2%2Fcomments&post=130"}],"version-history":[{"count":2,"href":"https:\/\/circaed-heresis.com\/index.php?rest_route=\/wp\/v2\/pages\/130\/revisions"}],"predecessor-version":[{"id":132,"href":"https:\/\/circaed-heresis.com\/index.php?rest_route=\/wp\/v2\/pages\/130\/revisions\/132"}],"up":[{"embeddable":true,"href":"https:\/\/circaed-heresis.com\/index.php?rest_route=\/wp\/v2\/pages\/84"}],"wp:attachment":[{"href":"https:\/\/circaed-heresis.com\/index.php?rest_route=%2Fwp%2Fv2%2Fmedia&parent=130"}],"curies":[{"name":"wp","href":"https:\/\/api.w.org\/{rel}","templated":true}]}}