{"id":126,"date":"2017-01-16T19:23:41","date_gmt":"2017-01-16T18:23:41","guid":{"rendered":"https:\/\/www.circaed-heresis.com\/?page_id=126"},"modified":"2020-02-15T01:09:29","modified_gmt":"2020-02-15T00:09:29","slug":"liens","status":"publish","type":"page","link":"https:\/\/circaed-heresis.com\/?page_id=126","title":{"rendered":"Liens"},"content":{"rendered":"<p><span style=\"color: #800000;\">Les adresses ci-dessous vous emm\u00e8nent prendre connaissance de travaux et d&rsquo;\u00e9tudes d\u00e9j\u00e0 en ligne&#8230;<\/span><\/p>\n<p>&nbsp;<\/p>\n<p>Deux publications d&rsquo;<strong>Olivier Wicky,&nbsp;<\/strong>doctorant \u00e0 l&rsquo;Universit\u00e9 de Lausanne:<\/p>\n<p><a href=\"https:\/\/commandes-recherche.univ-lille3.fr\/publications\/bien-dire-et-bien-aprandre\/489-combattre-comme-au-moyen-age-9782907301206.html\">https:\/\/commandes-recherche.univ-lille3.fr\/publications\/bien-dire-et-bien-aprandre\/489-combattre-comme-au-moyen-age-9782907301206.html<\/a><\/p>\n<p><a href=\"http:\/\/www.sflgc.org\/acte\/olivier-wicky-une-guerre-et-deux-regards-la-chanson-de-la-croisade-albigeoise\/\">http:\/\/www.sflgc.org\/acte\/olivier-wicky-une-guerre-et-deux-regards-la-chanson-de-la-croisade-albigeoise\/<\/a><\/p>\n<p><strong>Pilar<\/strong> <strong>Jim\u00e9nez<\/strong> : &lt;&lt; Y-a-t-il eu un dualisme chez les Albigeois ? Commentaires sur l&rsquo;\u00e9tude d&rsquo;Uwe Brunn \u00e0 propos du \u00ab\u00a0dualisme h\u00e9r\u00e9tique\u00a0\u00bb d&rsquo;apr\u00e8s les <em>Otia Imperiala<\/em> de Gervais de Tilbury. &gt;&gt; : <a href=\"https:\/\/cem.revues.org\/12893\">https:\/\/cem.revues.org\/12893<\/a><\/p>\n<p>Les articles et \u00e9tudes de <strong>David Zbiral<\/strong> : <a href=\"http:\/\/www.david-zbiral.cz\/articles.php\">http:\/\/www.david-zbiral.cz\/articles.php<\/a><\/p>\n<p>&nbsp;<\/p>\n","protected":false},"excerpt":{"rendered":"<p>Les adresses ci-dessous vous emm\u00e8nent prendre connaissance de travaux et d&rsquo;\u00e9tudes d\u00e9j\u00e0 en ligne&#8230; &nbsp; Deux publications d&rsquo;Olivier Wicky,&nbsp;doctorant \u00e0 l&rsquo;Universit\u00e9 de Lausanne: https:\/\/commandes-recherche.univ-lille3.fr\/publications\/bien-dire-et-bien-aprandre\/489-combattre-comme-au-moyen-age-9782907301206.html http:\/\/www.sflgc.org\/acte\/olivier-wicky-une-guerre-et-deux-regards-la-chanson-de-la-croisade-albigeoise\/ Pilar Jim\u00e9nez : &lt;&lt; Y-a-t-il eu un dualisme chez les Albigeois ? Commentaires sur l&rsquo;\u00e9tude d&rsquo;Uwe Brunn \u00e0 propos du \u00ab\u00a0dualisme h\u00e9r\u00e9tique\u00a0\u00bb d&rsquo;apr\u00e8s les Otia Imperiala de Gervais de Tilbury.&hellip;<\/p>\n","protected":false},"author":1,"featured_media":0,"parent":84,"menu_order":22,"comment_status":"closed","ping_status":"closed","template":"","meta":{"footnotes":""},"class_list":["post-126","page","type-page","status-publish","hentry","description-off"],"aioseo_notices":[],"_links":{"self":[{"href":"https:\/\/circaed-heresis.com\/index.php?rest_route=\/wp\/v2\/pages\/126","targetHints":{"allow":["GET"]}}],"collection":[{"href":"https:\/\/circaed-heresis.com\/index.php?rest_route=\/wp\/v2\/pages"}],"about":[{"href":"https:\/\/circaed-heresis.com\/index.php?rest_route=\/wp\/v2\/types\/page"}],"author":[{"embeddable":true,"href":"https:\/\/circaed-heresis.com\/index.php?rest_route=\/wp\/v2\/users\/1"}],"replies":[{"embeddable":true,"href":"https:\/\/circaed-heresis.com\/index.php?rest_route=%2Fwp%2Fv2%2Fcomments&post=126"}],"version-history":[{"count":3,"href":"https:\/\/circaed-heresis.com\/index.php?rest_route=\/wp\/v2\/pages\/126\/revisions"}],"predecessor-version":[{"id":1351,"href":"https:\/\/circaed-heresis.com\/index.php?rest_route=\/wp\/v2\/pages\/126\/revisions\/1351"}],"up":[{"embeddable":true,"href":"https:\/\/circaed-heresis.com\/index.php?rest_route=\/wp\/v2\/pages\/84"}],"wp:attachment":[{"href":"https:\/\/circaed-heresis.com\/index.php?rest_route=%2Fwp%2Fv2%2Fmedia&parent=126"}],"curies":[{"name":"wp","href":"https:\/\/api.w.org\/{rel}","templated":true}]}}