{"id":125,"date":"2017-01-17T08:05:47","date_gmt":"2017-01-17T07:05:47","guid":{"rendered":"https:\/\/www.circaed-heresis.com\/?page_id=125"},"modified":"2026-01-20T00:36:18","modified_gmt":"2026-01-19T23:36:18","slug":"pratique","status":"publish","type":"page","link":"https:\/\/circaed-heresis.com\/?page_id=125","title":{"rendered":"Adh\u00e9sion 2026"},"content":{"rendered":"\n<p>Vous pouvez adh\u00e9rer \u00e0 l&rsquo;Association Circaed en utilisant le lien \u00ab\u00a0Adh\u00e9rer\u00a0\u00bb ou le QR code ci-dessous.<\/p>\n\n\n\n<p>Il est possible de modifier la contribution facultative de HelloAsso et la mettre \u00e0 0 pour ne r\u00e9gler que la cotisation \u00e0 l&rsquo;Association Circaed lors de l&rsquo;\u00e9tape \u00ab r\u00e9capitulatif \u00bb.<\/p>\n\n\n\n<p>HelloAsso est un outil gratuit qui facilite beaucoup la gestion de plus de 400 000 associations.<\/p>\n\n\n\n<p><span style=\"color: #ffff99;\">.<\/span><\/p>\n\n\n\n<iframe id=\"haWidget\" allowtransparency=\"true\"\nsrc=\"https:\/\/www.helloasso.com\/associations\/circaed\/adhesions\/adhesion-au-circaed-2026\/widget-bouton\"\nstyle=\"width: 100%; height: 70px; border: none;\"><\/iframe>\n\n\n\n<div>&nbsp;<\/div>\n\n\n\n<div>&nbsp;<\/div>\n\n\n<div class=\"wp-block-image is-resized\">\n<figure class=\"aligncenter size-full\"><a href=\"https:\/\/www.helloasso.com\/associations\/circaed\/adhesions\/adhesion-au-circaed-2026\" target=\"_blank\" rel=\" noreferrer noopener\"><img loading=\"lazy\" decoding=\"async\" width=\"600\" height=\"600\" src=\"https:\/\/circaed-heresis.com\/wp-content\/uploads\/2026\/01\/CIRCAED-2026.png\" alt=\"\" class=\"wp-image-4370\" style=\"width:274px;height:auto\" srcset=\"https:\/\/circaed-heresis.com\/wp-content\/uploads\/2026\/01\/CIRCAED-2026.png 600w, https:\/\/circaed-heresis.com\/wp-content\/uploads\/2026\/01\/CIRCAED-2026-300x300.png 300w, https:\/\/circaed-heresis.com\/wp-content\/uploads\/2026\/01\/CIRCAED-2026-150x150.png 150w\" sizes=\"auto, (max-width: 600px) 100vw, 600px\" \/><\/a><figcaption class=\"wp-element-caption\"><a href=\"https:\/\/www.helloasso.com\/associations\/circaed\/adhesions\/adhesion-au-circaed-2026\" target=\"_blank\" rel=\"noopener\" title=\"\"><strong>Adh\u00e9sion 2026<\/strong><\/a><\/figcaption><\/figure>\n<\/div>\n\n\n<p><span style=\"color: #ffff99;\">.<\/span><\/p>\n\n\n\n<p class=\"has-text-align-center\">Propuls\u00e9 par <em><a href=\"https:\/\/www.helloasso.com\/\" target=\"_blank\" rel=\"noopener\" title=\"\"><strong>HelloAsso<\/strong><\/a><\/em><\/p>\n\n\n\n<p class=\"has-white-color has-text-color has-link-color wp-elements-7e4ac651328708ea719ac0894fa30934\">.<\/p>\n\n\n\n<p>Pour tout renseignement, vous pouvez nous \u00e9crire via notre messagerie : <strong><em><a href=\"mailto:circaed@gmail.com\" target=\"_blank\" rel=\"noopener\" title=\"\">circaed@gmail.com<\/a><\/em><\/strong><\/p>\n\n\n\n<p class=\"has-white-color has-text-color has-link-color wp-elements-7e4ac651328708ea719ac0894fa30934\">.<\/p>\n\n\n\n<p><span style=\"color: #ffff99;\">.<\/span><\/p>\n\n\n\n<p class=\"has-text-align-center\">&nbsp;<\/p>\n\n\n\n<p><\/p>\n","protected":false},"excerpt":{"rendered":"<p>Vous pouvez adh\u00e9rer \u00e0 l&rsquo;Association Circaed en utilisant le lien \u00ab\u00a0Adh\u00e9rer\u00a0\u00bb ou le QR code ci-dessous. Il est possible de modifier la contribution facultative de HelloAsso et la mettre \u00e0 0 pour ne r\u00e9gler que la cotisation \u00e0 l&rsquo;Association Circaed lors de l&rsquo;\u00e9tape \u00ab r\u00e9capitulatif \u00bb. HelloAsso est un outil gratuit qui facilite beaucoup la&hellip;<\/p>\n","protected":false},"author":1,"featured_media":0,"parent":1302,"menu_order":18,"comment_status":"closed","ping_status":"closed","template":"","meta":{"footnotes":""},"class_list":["post-125","page","type-page","status-publish","hentry","description-off"],"aioseo_notices":[],"_links":{"self":[{"href":"https:\/\/circaed-heresis.com\/index.php?rest_route=\/wp\/v2\/pages\/125","targetHints":{"allow":["GET"]}}],"collection":[{"href":"https:\/\/circaed-heresis.com\/index.php?rest_route=\/wp\/v2\/pages"}],"about":[{"href":"https:\/\/circaed-heresis.com\/index.php?rest_route=\/wp\/v2\/types\/page"}],"author":[{"embeddable":true,"href":"https:\/\/circaed-heresis.com\/index.php?rest_route=\/wp\/v2\/users\/1"}],"replies":[{"embeddable":true,"href":"https:\/\/circaed-heresis.com\/index.php?rest_route=%2Fwp%2Fv2%2Fcomments&post=125"}],"version-history":[{"count":82,"href":"https:\/\/circaed-heresis.com\/index.php?rest_route=\/wp\/v2\/pages\/125\/revisions"}],"predecessor-version":[{"id":4374,"href":"https:\/\/circaed-heresis.com\/index.php?rest_route=\/wp\/v2\/pages\/125\/revisions\/4374"}],"up":[{"embeddable":true,"href":"https:\/\/circaed-heresis.com\/index.php?rest_route=\/wp\/v2\/pages\/1302"}],"wp:attachment":[{"href":"https:\/\/circaed-heresis.com\/index.php?rest_route=%2Fwp%2Fv2%2Fmedia&parent=125"}],"curies":[{"name":"wp","href":"https:\/\/api.w.org\/{rel}","templated":true}]}}